{"id":11,"date":"2025-09-17T07:34:29","date_gmt":"2025-09-17T07:34:29","guid":{"rendered":"https:\/\/elios-vidente.com\/?page_id=11"},"modified":"2025-10-31T10:39:10","modified_gmt":"2025-10-31T10:39:10","slug":"home","status":"publish","type":"page","link":"https:\/\/elios-vidente.com\/","title":{"rendered":"Home"},"content":{"rendered":"\t\t<div data-elementor-type=\"wp-page\" data-elementor-id=\"11\" class=\"elementor elementor-11\">\n\t\t\t\t<div class=\"elementor-element elementor-element-7eed069 e-flex e-con-boxed e-con e-parent\" data-id=\"7eed069\" data-element_type=\"container\">\n\t\t\t\t\t<div class=\"e-con-inner\">\n\t\t\t\t<div class=\"elementor-element elementor-element-c18b992 elementor-widget elementor-widget-image\" data-id=\"c18b992\" data-element_type=\"widget\" data-widget_type=\"image.default\">\n\t\t\t\t\t\t\t\t\t\t\t\t\t\t\t<img decoding=\"async\" width=\"360\" height=\"68\" src=\"https:\/\/elios-vidente.com\/wp-content\/uploads\/2025\/09\/logo.png\" class=\"attachment-large size-large wp-image-44\" alt=\"\" srcset=\"https:\/\/elios-vidente.com\/wp-content\/uploads\/2025\/09\/logo.png 360w, https:\/\/elios-vidente.com\/wp-content\/uploads\/2025\/09\/logo-300x57.png 300w\" sizes=\"(max-width: 360px) 100vw, 360px\" \/>\t\t\t\t\t\t\t\t\t\t\t\t\t\t\t<\/div>\n\t\t<div class=\"elementor-element elementor-element-db982e1 e-con-full e-flex e-con e-child\" data-id=\"db982e1\" data-element_type=\"container\">\n\t\t<div class=\"elementor-element elementor-element-be574dd e-con-full e-flex e-con e-child\" data-id=\"be574dd\" data-element_type=\"container\">\n\t\t\t\t<div class=\"elementor-element elementor-element-febe73f elementor-widget elementor-widget-image\" data-id=\"febe73f\" data-element_type=\"widget\" data-widget_type=\"image.default\">\n\t\t\t\t\t\t\t\t\t\t\t\t\t\t\t<img fetchpriority=\"high\" decoding=\"async\" width=\"512\" height=\"512\" src=\"https:\/\/elios-vidente.com\/wp-content\/uploads\/2025\/09\/cropped-pro_photo.png\" class=\"attachment-2048x2048 size-2048x2048 wp-image-19\" alt=\"\" srcset=\"https:\/\/elios-vidente.com\/wp-content\/uploads\/2025\/09\/cropped-pro_photo.png 512w, https:\/\/elios-vidente.com\/wp-content\/uploads\/2025\/09\/cropped-pro_photo-300x300.png 300w, https:\/\/elios-vidente.com\/wp-content\/uploads\/2025\/09\/cropped-pro_photo-150x150.png 150w, https:\/\/elios-vidente.com\/wp-content\/uploads\/2025\/09\/cropped-pro_photo-270x270.png 270w, https:\/\/elios-vidente.com\/wp-content\/uploads\/2025\/09\/cropped-pro_photo-192x192.png 192w, https:\/\/elios-vidente.com\/wp-content\/uploads\/2025\/09\/cropped-pro_photo-180x180.png 180w, https:\/\/elios-vidente.com\/wp-content\/uploads\/2025\/09\/cropped-pro_photo-32x32.png 32w\" sizes=\"(max-width: 512px) 100vw, 512px\" \/>\t\t\t\t\t\t\t\t\t\t\t\t\t\t\t<\/div>\n\t\t\t\t<\/div>\n\t\t<div class=\"elementor-element elementor-element-9155065 e-con-full e-flex e-con e-child\" data-id=\"9155065\" data-element_type=\"container\">\n\t\t\t\t<div class=\"elementor-element elementor-element-2fb74fd elementor-widget elementor-widget-text-editor\" data-id=\"2fb74fd\" data-element_type=\"widget\" data-widget_type=\"text-editor.default\">\n\t\t\t\t\t\t\t\t\t<p>\u00bfQuiere conocer lo que le depara el futuro en el <strong>Amor, el Dinero, el Trabajo y en la Suerte<\/strong> en general?<\/p>\t\t\t\t\t\t\t\t<\/div>\n\t\t\t\t<\/div>\n\t\t\t\t<\/div>\n\t\t\t\t\t<\/div>\n\t\t\t\t<\/div>\n\t\t<div class=\"elementor-element elementor-element-6e7f934 e-con-full e-flex e-con e-parent\" data-id=\"6e7f934\" data-element_type=\"container\">\n\t\t\t\t<div class=\"elementor-element elementor-element-4511648 elementor-align-center elementor-mobile-align-center elementor-widget__width-initial elementor-widget elementor-widget-button\" data-id=\"4511648\" data-element_type=\"widget\" id=\"Formulario\" data-widget_type=\"button.default\">\n\t\t\t\t\t\t\t\t\t\t<a class=\"elementor-button elementor-button-link elementor-size-sm\" href=\"#formulario\">\n\t\t\t\t\t\t<span class=\"elementor-button-content-wrapper\">\n\t\t\t\t\t\t\t\t\t<span class=\"elementor-button-text\">S\u00cd, QUIERO MI VIDENCIA PS\u00cdQUICA GRATUITA<\/span>\n\t\t\t\t\t<\/span>\n\t\t\t\t\t<\/a>\n\t\t\t\t\t\t\t\t<\/div>\n\t\t\t\t<\/div>\n\t\t<div class=\"elementor-element elementor-element-2ed63d8 e-flex e-con-boxed e-con e-parent\" data-id=\"2ed63d8\" data-element_type=\"container\">\n\t\t\t\t\t<div class=\"e-con-inner\">\n\t\t\t\t<div class=\"elementor-element elementor-element-9b104bf elementor-widget elementor-widget-text-editor\" data-id=\"9b104bf\" data-element_type=\"widget\" data-widget_type=\"text-editor.default\">\n\t\t\t\t\t\t\t\t\t<p style=\"text-align: center;\">\u00a0<\/p><p style=\"text-align: center;\">\u00bfNecesita ayuda para combatir las malas vibraciones que le rodean, alejar la envidia y los celos y atraer toda la felicidad que merece?<\/p><p style=\"text-align: center;\">Yo, Elios, con una amplia experiencia de m\u00e1s de 30 a\u00f1os en Telepat\u00eda, Clarividencia, interpretaci\u00f3n del Tarot y Astrolog\u00eda, le ofrezco una <span style=\"text-decoration: underline;\">VIDENCIA PS\u00cdQUICA totalmente GRATUITA<\/span> para conseguir que usted se libere de todo lo que le impide alcanzar la realizaci\u00f3n de sus deseos.<\/p><p style=\"text-align: center;\">\u00a1No lo dude, con mi ayuda, mi experiencia y mi dominio del mundo paranormal y espiritual conseguir\u00e1 cambiar su vida y convertirla en un oasis de Alegr\u00eda, Abundancia y Felicidad!<\/p>\t\t\t\t\t\t\t\t<\/div>\n\t\t\t\t\t<\/div>\n\t\t\t\t<\/div>\n\t\t<div class=\"elementor-element elementor-element-dd29d9c e-flex e-con-boxed e-con e-parent\" data-id=\"dd29d9c\" data-element_type=\"container\">\n\t\t\t\t\t<div class=\"e-con-inner\">\n\t\t\t\t<div class=\"elementor-element elementor-element-9a22ffc elementor-align-center elementor-mobile-align-center elementor-widget elementor-widget-button\" data-id=\"9a22ffc\" data-element_type=\"widget\" data-widget_type=\"button.default\">\n\t\t\t\t\t\t\t\t\t\t<a class=\"elementor-button elementor-button-link elementor-size-sm\" href=\"#formulario\">\n\t\t\t\t\t\t<span class=\"elementor-button-content-wrapper\">\n\t\t\t\t\t\t\t\t\t<span class=\"elementor-button-text\">S\u00cd, QUIERO MI VIDENCIA PS\u00cdQUICA GRATUITA<\/span>\n\t\t\t\t\t<\/span>\n\t\t\t\t\t<\/a>\n\t\t\t\t\t\t\t\t<\/div>\n\t\t<div class=\"elementor-element elementor-element-a8a8c11 e-con-full e-flex e-con e-child\" data-id=\"a8a8c11\" data-element_type=\"container\">\n\t\t\t\t<div class=\"elementor-element elementor-element-66bc3f1 elementor-widget elementor-widget-text-editor\" data-id=\"66bc3f1\" data-element_type=\"widget\" data-widget_type=\"text-editor.default\">\n\t\t\t\t\t\t\t\t\t&nbsp;\n\n<p style=\"text-align: center;\"><strong >EN ESTA VIDENCIA PS\u00cdQUICA GRATUITA Y PERSONALIZADA,<\/strong> podr\u00e1 obtener respuesta a las\npreguntas que se hace:<\/p>\n<br>\n<ul>\n \t<li>\u00bfQu\u00e9 me depara el futuro?<\/li>\n \t<li>\u00bfEncontrar\u00e9 la felicidad?<\/li>\n \t<li>\u00bfCu\u00e1ndo conocer\u00e9 a mi alma gemela?<\/li>\n \t<li>\u00bfFuncionar\u00e1 mi pareja actual?<\/li>\n \t<li>\u00bfConseguir\u00e9 acabar con mis problemas econ\u00f3micos?<\/li>\n \t<li>\u00bfSer\u00e1n reconocidos mis m\u00e9ritos en el trabajo?<\/li>\n \t<li>\u00bfObtendr\u00e9 un puesto mejor?<\/li>\n \t<li>\u00bfTendr\u00e9 amigos sinceros y fieles?<\/li>\n \t<li>\u00bfMi familia estar\u00e1 siempre unida?<\/li>\n<\/ul>\n<br>\n<p style=\"text-align: center;\">Yo Elios, puedo ayudarle a alcanzar todos sus deseos con esta <strong>Videncia Gratuita. <\/strong>Solo tiene que dejarme sus datos a continuaci\u00f3n<\/p>\t\t\t\t\t\t\t\t<\/div>\n\t\t\t\t<\/div>\n\t\t\t\t\t<\/div>\n\t\t\t\t<\/div>\n\t\t<div class=\"elementor-element elementor-element-cbb8739 e-flex e-con-boxed e-con e-parent\" data-id=\"cbb8739\" data-element_type=\"container\" id=\"Formulario\">\n\t\t\t\t\t<div class=\"e-con-inner\">\n\t\t<div class=\"elementor-element elementor-element-cca002f e-con-full e-flex e-con e-child\" data-id=\"cca002f\" data-element_type=\"container\" data-settings=\"{&quot;background_background&quot;:&quot;classic&quot;}\">\n\t\t\t\t<div class=\"elementor-element elementor-element-d3758ba elementor-widget elementor-widget-menu-anchor\" data-id=\"d3758ba\" data-element_type=\"widget\" data-widget_type=\"menu-anchor.default\">\n\t\t\t\t\t\t\t<div class=\"elementor-menu-anchor\" id=\"formulario\"><\/div>\n\t\t\t\t\t\t<\/div>\n\t\t\t\t<div class=\"elementor-element elementor-element-01df80a elementor-widget elementor-widget-html\" data-id=\"01df80a\" data-element_type=\"widget\" data-widget_type=\"html.default\">\n\t\t\t\t\t<getresponse-form form-id=\"0a6293a7-c24a-40f8-a8b7-54cd85a52b86\" e=\"0\"><\/getresponse-form>\t\t\t\t<\/div>\n\t\t\t\t<\/div>\n\t\t\t\t\t<\/div>\n\t\t\t\t<\/div>\n\t\t\t\t<\/div>\n\t\t","protected":false},"excerpt":{"rendered":"<p>\u00bfQuiere conocer lo que le depara el futuro en el Amor, el Dinero, el Trabajo y en la Suerte en general? S\u00cd, QUIERO MI VIDENCIA PS\u00cdQUICA GRATUITA \u00a0 \u00bfNecesita ayuda para combatir las malas vibraciones que le rodean, alejar la envidia y los celos y atraer toda la felicidad que merece? Yo, Elios, con una [&hellip;]<\/p>\n","protected":false},"author":1,"featured_media":0,"parent":0,"menu_order":0,"comment_status":"closed","ping_status":"closed","template":"","meta":{"footnotes":""},"class_list":["post-11","page","type-page","status-publish","hentry"],"_links":{"self":[{"href":"https:\/\/elios-vidente.com\/index.php\/wp-json\/wp\/v2\/pages\/11","targetHints":{"allow":["GET"]}}],"collection":[{"href":"https:\/\/elios-vidente.com\/index.php\/wp-json\/wp\/v2\/pages"}],"about":[{"href":"https:\/\/elios-vidente.com\/index.php\/wp-json\/wp\/v2\/types\/page"}],"author":[{"embeddable":true,"href":"https:\/\/elios-vidente.com\/index.php\/wp-json\/wp\/v2\/users\/1"}],"replies":[{"embeddable":true,"href":"https:\/\/elios-vidente.com\/index.php\/wp-json\/wp\/v2\/comments?post=11"}],"version-history":[{"count":256,"href":"https:\/\/elios-vidente.com\/index.php\/wp-json\/wp\/v2\/pages\/11\/revisions"}],"predecessor-version":[{"id":313,"href":"https:\/\/elios-vidente.com\/index.php\/wp-json\/wp\/v2\/pages\/11\/revisions\/313"}],"wp:attachment":[{"href":"https:\/\/elios-vidente.com\/index.php\/wp-json\/wp\/v2\/media?parent=11"}],"curies":[{"name":"wp","href":"https:\/\/api.w.org\/{rel}","templated":true}]}}